{"id":18,"date":"2015-10-03T21:04:08","date_gmt":"2015-10-03T19:04:08","guid":{"rendered":"http:\/\/emma.kvapil.se\/?page_id=18"},"modified":"2022-09-25T22:06:46","modified_gmt":"2022-09-25T20:06:46","slug":"om-oss","status":"publish","type":"page","link":"https:\/\/rozeprodukter.se\/?page_id=18","title":{"rendered":"Om oss"},"content":{"rendered":"<p>Roz\u00e9produkter har under mer \u00e4n 40 \u00e5r levererat sandnings-set runt om i hela landet. Sandnings-setet best\u00e5r av en hink och en spade sammansatta med en vajer. Hinken och spaden kan \u00e4ven k\u00f6pas separat. Vi tillhandah\u00e5ller \u00e4ven tilloppsslang f\u00f6r disk- och tv\u00e4ttmaskin. Leveranstider av produkterna\u00a0sker inom en vecka d\u00e5 produkten\u00a0finns i lager. Minimiorder f\u00f6r\u00a0samtliga produkter\u00a0\u00e4r 10 stycken. F\u00f6r best\u00e4llning eller fr\u00e5gor kontakta oss via telefon <a href=\"tel:+468881988\">+46 8-88 19 88<\/a>, mobil <a href=\"tel:+46706886220\">+46 706 88 62 20<\/a>, e-post <a href=\"mailto:info@rozeprodukter.se\">info@rozeprodukter.se<\/a>.<\/p>\n","protected":false},"excerpt":{"rendered":"<p>Roz\u00e9produkter har under mer \u00e4n 40 \u00e5r levererat sandnings-set runt om i hela landet. Sandnings-setet best\u00e5r av en hink och en spade sammansatta med en vajer. Hinken och spaden kan \u00e4ven k\u00f6pas separat. Vi tillhandah\u00e5ller \u00e4ven tilloppsslang f\u00f6r disk- och tv\u00e4ttmaskin. Leveranstider av produkterna\u00a0sker inom en vecka d\u00e5 produkten\u00a0finns i lager. Minimiorder f\u00f6r\u00a0samtliga produkter\u00a0\u00e4r 10 [&hellip;]<\/p>\n","protected":false},"author":1,"featured_media":0,"parent":0,"menu_order":0,"comment_status":"closed","ping_status":"closed","template":"","meta":[],"_links":{"self":[{"href":"https:\/\/rozeprodukter.se\/index.php?rest_route=\/wp\/v2\/pages\/18"}],"collection":[{"href":"https:\/\/rozeprodukter.se\/index.php?rest_route=\/wp\/v2\/pages"}],"about":[{"href":"https:\/\/rozeprodukter.se\/index.php?rest_route=\/wp\/v2\/types\/page"}],"author":[{"embeddable":true,"href":"https:\/\/rozeprodukter.se\/index.php?rest_route=\/wp\/v2\/users\/1"}],"replies":[{"embeddable":true,"href":"https:\/\/rozeprodukter.se\/index.php?rest_route=%2Fwp%2Fv2%2Fcomments&post=18"}],"version-history":[{"count":17,"href":"https:\/\/rozeprodukter.se\/index.php?rest_route=\/wp\/v2\/pages\/18\/revisions"}],"predecessor-version":[{"id":149,"href":"https:\/\/rozeprodukter.se\/index.php?rest_route=\/wp\/v2\/pages\/18\/revisions\/149"}],"wp:attachment":[{"href":"https:\/\/rozeprodukter.se\/index.php?rest_route=%2Fwp%2Fv2%2Fmedia&parent=18"}],"curies":[{"name":"wp","href":"https:\/\/api.w.org\/{rel}","templated":true}]}}